{"id":69,"date":"2016-05-20T08:53:59","date_gmt":"2016-05-20T08:53:59","guid":{"rendered":"http:\/\/cantraster.com\/?page_id=69"},"modified":"2016-06-09T11:00:31","modified_gmt":"2016-06-09T11:00:31","slug":"aviso-legal","status":"publish","type":"page","link":"http:\/\/cantraster.com\/index.php\/aviso-legal\/","title":{"rendered":"Avis Legal"},"content":{"rendered":"<p>AVISO LEGAL<\/p>\n<p>CONDICIONES GENERALES DE USO DEL SITIO WEB DE Parquing Canovellas sl<br \/>\nwww.cantraster.com<\/p>\n<p>Parquing Canovellas sl (en adelante Parquing Canovellas sl ) con domicilio en Carrer Riera 50 \u00b7 08420 \u00b7 Canovelles con CIF B-65.890.7 representada por Xavier L\u00f3pez Pujol<br \/>\ncon NIF 52156306B pone a disposici\u00f3n en su sitio web www.cantraster.com determinados contenidos de car\u00e1cter informativo sobre sus actividades.<\/p>\n<p>Las presentes condiciones generales rigen \u00fanica y exclusivamente el uso del sitio web de Parquing Canovellas sl por parte de los USUARIOS que accedan<br \/>\nal mismo. Las presentes condiciones generales se le exponen al USUARIO en el sitio web www.cantraster.com en todas y cada una de las p\u00e1ginas y cada vez<br \/>\nque un USUARIO introduce sus datos en los formularios existentes, para que las lea, las imprima, archive y acepte a trav\u00e9s de internet, no pudiendo<br \/>\nel USUARIO introducir sus datos efectivamente sin que se haya producido esta aceptaci\u00f3n.<\/p>\n<p>Parquing Canovellas sl est\u00e1 inscrita en el Registro Mercantil de Barcelona 19\/10\/2012<br \/>\nTomo 43454, Secci\u00f3n 1, hoja B 430353, Inscripci\u00f3n 1.<\/p>\n<p>El acceso al sitio web de Parquing Canovellas sl implica sin reservas la aceptaci\u00f3n de las presentes condiciones generales de uso que el USUARIO afirma<br \/>\ncomprender en su totalidad. El USUARIO se compromete a no utilizar el sitio web y los servicios que se ofrecen en el mismo para la realizaci\u00f3n de<br \/>\nactividades contrarias a la ley y a respetar en todo momento las presentes condiciones generales.<\/p>\n<p>PRIMERA.- CONDICIONES DE ACCESO Y USO<\/p>\n<p>1.1.-La utilizaci\u00f3n del sitio web de Parquing Canovellas sl no conlleva la obligatoriedad de inscripci\u00f3n del USUARIO, salvo si este USUARIO desee<br \/>\nutilizar la base de datos de art\u00edculos existentes en www.cantraster.com donde ser\u00e1 preciso que se registre cubriendo un formulario b\u00e1sico, \u00e9sta suscripci\u00f3n<br \/>\nse regir\u00e1 por las condiciones generales espec\u00edficas. Las condiciones de acceso y uso del presente sitio web se rigen estrictamente por la legalidad<br \/>\nvigente y por el principio de buena fe comprometi\u00e9ndose el USUARIO a realizar un buen uso de la web. Quedan prohibidos todos los actos que vulneren la<br \/>\nlegalidad, derechos o intereses de terceros: derecho a la intimidad, protecci\u00f3n de datos, propiedad intelectual etc. Expresamente Parquing Canovellas sl<br \/>\nproh\u00edbe los siguientes:<\/p>\n<p>1.1.1.- Realizar acciones que puedan producir en el sitio web o a trav\u00e9s del mismo por cualquier medio cualquier tipo de da\u00f1o a los sistemas de<br \/>\nParquing Canovellas sl o a terceros.<\/p>\n<p>1.1.2.- Realizar sin la debida autorizaci\u00f3n cualquier tipo de publicidad o informaci\u00f3n comercial directamente o de forma encubierta, el env\u00edo de<br \/>\ncorreos masivos (&#8220;spaming&#8221;) o env\u00edo de grandes mensajes con el fin de bloquear servidores de la red (&#8220;mail bombing&#8221;).<\/p>\n<p>1.2.- Parquing Canovellas sl podr\u00e1 interrumpir en cualquier momento el acceso a su sitio web si detecta un uso contrario a la legalidad, la buena fe o<br \/>\na las presentes condiciones generales- ver cl\u00e1usula quinta.<\/p>\n<p>SEGUNDA.- CONTENIDOS. Los contenidos incorporados en este sitio web han sido elaborados e incluidos por:<\/p>\n<p>2.1.- Parquing Canovellas sl utilizando fuentes internas y externas de tal modo que Parquing Canovellas sl \u00fanicamente se hace responsable por los contenidos<br \/>\nelaborados de forma interna.<\/p>\n<p>2.2.- Parquing Canovellas sl se reserva el derecho a modificar en cualquier momento los contenidos existentes en su sitio web.<\/p>\n<p>TERCERA.- DERECHOS DE AUTOR Y MARCA<\/p>\n<p>Parquing Canovellas sl es una marca registrada. Queda prohibida la utilizaci\u00f3n ajena por cualquier medio de la marca de Parquing Canovellas sl , que<br \/>\nincluye tanto el nombre como el logotipo, salvo consentimiento expreso de Parquing Canovellas sl. Quedan reservados todos los derechos. Adem\u00e1s, el<br \/>\nsitio web de Parquing Canovellas sl -los contenidos propios, la programaci\u00f3n y el dise\u00f1o del sitio web- se encuentra plenamente protegido por los<br \/>\nderechos de autor, quedando expresamente prohibida toda reproducci\u00f3n, comunicaci\u00f3n, distribuci\u00f3n y transformaci\u00f3n de los referidos elementos<br \/>\nprotegidos salvo consentimiento expreso de Parquing Canovellas sl<\/p>\n<p>CUARTA.- JURISDICCI\u00d3N Y LEY APLICABLE<\/p>\n<p>Las presentes condiciones generales se rigen por la legislaci\u00f3n espa\u00f1ola. Son competentes para resolver toda controversia o conflicto que se derive de<br \/>\nlas presentes condiciones generales los Juzgados de Barcelona renunciando expresamente el USUARIO a cualquier otro fuero que pudiera corresponderle.<\/p>\n<p>QUINTA.-<\/p>\n<p>En caso de que cualquier cl\u00e1usula del presente documento sea declarada nula, las dem\u00e1s cl\u00e1usulas seguir\u00e1n vigentes y se interpretar\u00e1n teniendo en cuenta<br \/>\nla voluntad de las partes y la finalidad misma de las presentes condiciones. Parquing Canovellas sl podr\u00e1 no ejercitar alguno de los derechos y facultades<br \/>\nconferidos en este documento lo que no implicar\u00e1 en ning\u00fan caso la renuncia a los mismos salvo reconocimiento expreso por parte de Parquing Canovellas sl<\/p>\n","protected":false},"excerpt":{"rendered":"<p>AVISO LEGAL CONDICIONES GENERALES DE USO DEL SITIO WEB DE Parquing Canovellas sl www.cantraster.com Parquing Canovellas sl (en adelante Parquing Canovellas sl ) con domicilio en Carrer Riera 50 \u00b7 08420 \u00b7 Canovelles con CIF B-65.890.7 representada por Xavier L\u00f3pez Pujol con NIF 52156306B pone a disposici\u00f3n en su sitio web www.cantraster.com determinados contenidos de [&hellip;]<\/p>\n","protected":false},"author":1,"featured_media":0,"parent":0,"menu_order":0,"comment_status":"closed","ping_status":"closed","template":"100-width.php","meta":{"footnotes":""},"class_list":["post-69","page","type-page","status-publish","hentry"],"_links":{"self":[{"href":"http:\/\/cantraster.com\/index.php\/wp-json\/wp\/v2\/pages\/69","targetHints":{"allow":["GET"]}}],"collection":[{"href":"http:\/\/cantraster.com\/index.php\/wp-json\/wp\/v2\/pages"}],"about":[{"href":"http:\/\/cantraster.com\/index.php\/wp-json\/wp\/v2\/types\/page"}],"author":[{"embeddable":true,"href":"http:\/\/cantraster.com\/index.php\/wp-json\/wp\/v2\/users\/1"}],"replies":[{"embeddable":true,"href":"http:\/\/cantraster.com\/index.php\/wp-json\/wp\/v2\/comments?post=69"}],"version-history":[{"count":4,"href":"http:\/\/cantraster.com\/index.php\/wp-json\/wp\/v2\/pages\/69\/revisions"}],"predecessor-version":[{"id":106,"href":"http:\/\/cantraster.com\/index.php\/wp-json\/wp\/v2\/pages\/69\/revisions\/106"}],"wp:attachment":[{"href":"http:\/\/cantraster.com\/index.php\/wp-json\/wp\/v2\/media?parent=69"}],"curies":[{"name":"wp","href":"https:\/\/api.w.org\/{rel}","templated":true}]}}